{"id":3987,"date":"2024-04-26T18:00:07","date_gmt":"2024-04-26T16:00:07","guid":{"rendered":"https:\/\/djamsevents.com\/?page_id=3987"},"modified":"2024-04-27T22:52:47","modified_gmt":"2024-04-27T20:52:47","slug":"faq","status":"publish","type":"page","link":"https:\/\/djamsevents.com\/index.php\/faq\/","title":{"rendered":"FAQ"},"content":{"rendered":"<div id=\"skt-builder-accordion-block-32\" class=\"skt-builder-block-wrapper skt-builder-accordion-block skt-builder-accordion-block-32\" style=\"background-color: #ffffff; background-image: url(); padding-bottom: 0px; padding-top: 0px; \">\r\n\t<div class=\"skt-builder-block-inner skt-builder-block-inner-32\" style=\"\">\r\n\t\t<div class=\"skt-builder-container\">\r\n\t\t\t\t<div class=\"skt-builder-block-title\">\r\n\t\t\t\t\t<h2 style=\"color: #282828; text-align: center;\">LES PRESTATIONS DJAMS EVENTS<\/h2>\r\n\t\t\t\t<\/div>\r\n                <div class=\"skt-builder-block-description\"><p><br><\/p><\/div>\r\n\t\t\t<div class=\"skt-builder-accordion\">\r\n\t\t\t\t\t<button class=\"skt-accordion\" style=\"background-color: #282828; color: #ffffff;\">Quel est le prix de votre prestation? <\/button>\r\n\t\t\t\t\t<div class=\"skt-accordion-panel\">\r\n\t\t\t\t\t\t<div class=\"skt-accordion-panel-inner\" style=\"background-color: #f7f7f7; color: #282828;\"><p class=\"ql-align-center\">Le co\u00fbt de la prestation est compris entre 300\u20ac et 2000\u20ac, il inclut la sonorisation, les lumi\u00e8res et l\u2019<strong>animation DJ<\/strong>. Le prix est d\u00e9termin\u00e9 de mani\u00e8re objective en fonction de vos besoins et des options retenues pour l\u2019organisation de votre <strong>mariage, anniversaire, soir\u00e9e priv\u00e9e ou soir\u00e9e entreprise<\/strong>. Nos devis sont \u00e9tablis de mani\u00e8re objective afin d'assurer une \u00e9quit\u00e9 pour tous nos clients. Seule la p\u00e9riode retenue pour votre \u00e9v\u00e9nement peut influer sur le tarif. Un devis complet et pr\u00e9cis vous sera fourni dans notre premier courrier \u00e9lectronique.<\/p><p><br><\/p><\/div>\r\n\t\t\t\t\t<\/div>\r\n\t\t\t\t\t<button class=\"skt-accordion\" style=\"background-color: #282828; color: #ffffff;\"> Facturez-vous par heure ou par \u00e9v\u00e9nement ? <\/button>\r\n\t\t\t\t\t<div class=\"skt-accordion-panel\">\r\n\t\t\t\t\t\t<div class=\"skt-accordion-panel-inner\" style=\"background-color: #f7f7f7; color: #282828;\"><p class=\"ql-align-center\">Notre facturation s\u2019entend pour un tarif \u00e0 l\u2019\u00e9v\u00e9nement.<\/p><\/div>\r\n\t\t\t\t\t<\/div>\r\n\t\t\t\t\t<button class=\"skt-accordion\" style=\"background-color: #282828; color: #ffffff;\"> Quels sont les services inclus dans le co\u00fbt de mon \u00e9v\u00e8nement ? <\/button>\r\n\t\t\t\t\t<div class=\"skt-accordion-panel\">\r\n\t\t\t\t\t\t<div class=\"skt-accordion-panel-inner\" style=\"background-color: #f7f7f7; color: #282828;\"><p class=\"ql-align-center\">Chaque devis comprend l\u2019installation, la prestation et la d\u00e9sinstallation de tout le mat\u00e9riel.<\/p><p class=\"ql-align-center\">Concernant <strong>les soir\u00e9es mariage<\/strong>, le montant des heures suppl\u00e9mentaires d\u00e9pend du forfait s\u00e9lectionn\u00e9.<\/p><p><br><\/p><\/div>\r\n\t\t\t\t\t<\/div>\r\n\t\t\t\t\t<button class=\"skt-accordion\" style=\"background-color: #282828; color: #ffffff;\">Exp\u00e9rience\/R\u00e9f\u00e9rence: <\/button>\r\n\t\t\t\t\t<div class=\"skt-accordion-panel\">\r\n\t\t\t\t\t\t<div class=\"skt-accordion-panel-inner\" style=\"background-color: #f7f7f7; color: #282828;\"><p class=\"ql-align-center\"><strong>Fort d'une exp\u00e9rience de plus de dix ans, Djams Events<\/strong> vous propose des prestations sur mesure quel que soit le type d'\u00e9v\u00e9nement que vous souhaitez organiser, notamment les mariages, les soir\u00e9es priv\u00e9es, les anniversaires et les \u00e9v\u00e9nements d'entreprise. Au-del\u00e0 du savoir-faire et de la technique, Djams Events vise \u00e0 transmettre la bonne humeur, la joie de vivre lors de chaque \u00e9v\u00e9nement. <\/p><p class=\"ql-align-center\"><br><\/p><p class=\"ql-align-center\">Au fil de ses collaborations avec des clubs, des stades de football de la Ligue 1 et des \u00e9v\u00e9nements de rugby de la Coupe d'Europe, Djams Events a su affirmer sa capacit\u00e9 \u00e0 s'adapter \u00e0 divers environnements et publics.<\/p><\/div>\r\n\t\t\t\t\t<\/div>\r\n\t\t\t<\/div>\r\n\t\t<\/div>\r\n\t<\/div>\r\n<\/div>\r\n<script>\r\nvar acc = jQuery(\".skt-builder-accordion-block-32 .skt-accordion\");\r\nvar i;\r\n\r\nfor (i = 0; i < acc.length; i++) {\r\n  acc[i].addEventListener(\"click\", function() {\r\n    this.classList.toggle(\"skt-accordion-active\");\r\n    var panel = this.nextElementSibling;\r\n    if (panel.style.maxHeight){\r\n      panel.style.maxHeight = null;\r\n    } else {\r\n      panel.style.maxHeight = panel.scrollHeight + \"px\";\r\n    } \r\n  });\r\n}\r\n<\/script>\r\n<div id=\"skt-builder-accordion-block-114\" class=\"skt-builder-block-wrapper skt-builder-accordion-block skt-builder-accordion-block-114\" style=\"background-color: #ffffff; background-image: url(); padding-bottom: 0px; padding-top: 0px; \">\r\n\t<div class=\"skt-builder-block-inner skt-builder-block-inner-114\" style=\"\">\r\n\t\t<div class=\"skt-builder-container\">\r\n\t\t\t\t<div class=\"skt-builder-block-title\">\r\n\t\t\t\t\t<h2 style=\"color: #282828; text-align: center;\">QUESTIONS FREQUENTES<\/h2>\r\n\t\t\t\t<\/div>\r\n                <div class=\"skt-builder-block-description\"><p><br><\/p><\/div>\r\n\t\t\t<div class=\"skt-builder-accordion\">\r\n\t\t\t\t\t<button class=\"skt-accordion\" style=\"background-color: #282828; color: #ffffff;\">Comment de temps \u00e0 l&#x27;avance dois-je vous contacter?<\/button>\r\n\t\t\t\t\t<div class=\"skt-accordion-panel\">\r\n\t\t\t\t\t\t<div class=\"skt-accordion-panel-inner\" style=\"background-color: #f7f7f7; color: #282828;\"><p class=\"ql-align-center\">Le plus t\u00f4t possible, en particulier pour les \u00e9v\u00e8nements qui se d\u00e9roulent en pleine saison, c\u2019est \u00e0 dire aux mois de mai, juin, juillet, ao\u00fbt et septembre.<\/p><\/div>\r\n\t\t\t\t\t<\/div>\r\n\t\t\t\t\t<button class=\"skt-accordion\" style=\"background-color: #282828; color: #ffffff;\">Quel est le votre r\u00e9pertoire musical ?<\/button>\r\n\t\t\t\t\t<div class=\"skt-accordion-panel\">\r\n\t\t\t\t\t\t<div class=\"skt-accordion-panel-inner\" style=\"background-color: #f7f7f7; color: #282828;\"><p class=\"ql-align-center\">Le <strong>DJ<\/strong> dispose d\u2019un important r\u00e9pertoire musical, incluant la musique internationale. Nous assurons une mise \u00e0 jour constante de notre collection, ce qui nous permet de proposer des chansons actuelles appr\u00e9ci\u00e9es par nos clients et leurs invit\u00e9s.<\/p><p class=\"ql-align-center\">Toutes les g\u00e9n\u00e9rations de la famille trouveront leur bonheur pour votre <strong>mariage<\/strong> !<\/p><p><br><\/p><\/div>\r\n\t\t\t\t\t<\/div>\r\n\t\t\t\t\t<button class=\"skt-accordion\" style=\"background-color: #282828; color: #ffffff;\">Pouvons-nous personnaliser la playlist pour notre mariage ?<\/button>\r\n\t\t\t\t\t<div class=\"skt-accordion-panel\">\r\n\t\t\t\t\t\t<div class=\"skt-accordion-panel-inner\" style=\"background-color: #f7f7f7; color: #282828;\"><p class=\"ql-align-center\">Absolument ! Nous voulons que votre journ\u00e9e sp\u00e9ciale soit \u00e0 votre image. Nous sommes ouverts \u00e0 toutes vos suggestions de chansons et nous vous aiderons \u00e0 cr\u00e9er une playlist personnalis\u00e9e qui correspond \u00e0 vos go\u00fbts et \u00e0 l'ambiance que vous souhaitez cr\u00e9er.<\/p><\/div>\r\n\t\t\t\t\t<\/div>\r\n\t\t\t\t\t<button class=\"skt-accordion\" style=\"background-color: #282828; color: #ffffff;\">Proposez-vous des consultations pr\u00e9alables pour discuter de nos pr\u00e9f\u00e9rences musicales et de l&#x27;organisation de la soir\u00e9e ?<\/button>\r\n\t\t\t\t\t<div class=\"skt-accordion-panel\">\r\n\t\t\t\t\t\t<div class=\"skt-accordion-panel-inner\" style=\"background-color: #f7f7f7; color: #282828;\"><p class=\"ql-align-center\">Oui, nous offrons des consultations gratuites pour discuter de tous les d\u00e9tails de votre mariage, y compris vos pr\u00e9f\u00e9rences musicales, le d\u00e9roulement de la soir\u00e9e, les annonces sp\u00e9ciales, et tout ce que vous avez en t\u00eate pour rendre votre mariage m\u00e9morable.<\/p><\/div>\r\n\t\t\t\t\t<\/div>\r\n\t\t\t\t\t<button class=\"skt-accordion\" style=\"background-color: #282828; color: #ffffff;\">Fournissez-vous votre propre \u00e9quipement audio et d&#x27;\u00e9clairage ?<\/button>\r\n\t\t\t\t\t<div class=\"skt-accordion-panel\">\r\n\t\t\t\t\t\t<div class=\"skt-accordion-panel-inner\" style=\"background-color: #f7f7f7; color: #282828;\"><p class=\"ql-align-center\">Oui, nous apportons notre propre \u00e9quipement audio professionnel, ainsi que des options d'\u00e9clairage pour cr\u00e9er une atmosph\u00e8re envo\u00fbtante sur la piste de danse. Vous n'avez pas \u00e0 vous soucier de louer du mat\u00e9riel suppl\u00e9mentaire.<\/p><\/div>\r\n\t\t\t\t\t<\/div>\r\n\t\t\t\t\t<button class=\"skt-accordion\" style=\"background-color: #282828; color: #ffffff;\">Pouvez-vous animer des jeux ou des activit\u00e9s pendant la r\u00e9ception ?<\/button>\r\n\t\t\t\t\t<div class=\"skt-accordion-panel\">\r\n\t\t\t\t\t\t<div class=\"skt-accordion-panel-inner\" style=\"background-color: #f7f7f7; color: #282828;\"><p class=\"ql-align-center\">Bien s\u00fbr ! Nous sommes l\u00e0 pour rendre votre soir\u00e9e aussi divertissante que possible. Nous pouvons animer des jeux, des animations sp\u00e9ciales, ou toute autre activit\u00e9 que vous souhaitez inclure dans votre r\u00e9ception. Il suffit de nous en parler lors de notre consultation.<\/p><\/div>\r\n\t\t\t\t\t<\/div>\r\n\t\t\t\t\t<button class=\"skt-accordion\" style=\"background-color: #282828; color: #ffffff;\">Quels sont vos tarifs et vos options de forfaits ?<\/button>\r\n\t\t\t\t\t<div class=\"skt-accordion-panel\">\r\n\t\t\t\t\t\t<div class=\"skt-accordion-panel-inner\" style=\"background-color: #f7f7f7; color: #282828;\"><p class=\"ql-align-center\">Nos <a href=\"https:\/\/djamsevents.com\/index.php\/prestations\/\" target=\"_blank\" rel=\"noopener\">tarifs<\/a> varient en fonction de la dur\u00e9e de la prestation, de l'\u00e9quipement n\u00e9cessaire, et des services suppl\u00e9mentaires demand\u00e9s. Nous offrons une gamme de forfaits pour r\u00e9pondre \u00e0 diff\u00e9rents budgets et besoins. Contactez-nous pour obtenir un devis personnalis\u00e9 pour votre mariage.<\/p><\/div>\r\n\t\t\t\t\t<\/div>\r\n\t\t\t<\/div>\r\n\t\t<\/div>\r\n\t<\/div>\r\n<\/div>\r\n<script>\r\nvar acc = jQuery(\".skt-builder-accordion-block-114 .skt-accordion\");\r\nvar i;\r\n\r\nfor (i = 0; i < acc.length; i++) {\r\n  acc[i].addEventListener(\"click\", function() {\r\n    this.classList.toggle(\"skt-accordion-active\");\r\n    var panel = this.nextElementSibling;\r\n    if (panel.style.maxHeight){\r\n      panel.style.maxHeight = null;\r\n    } else {\r\n      panel.style.maxHeight = panel.scrollHeight + \"px\";\r\n    } \r\n  });\r\n}\r\n<\/script>\r\n<div id=\"skt-builder-accordion-block-235\" class=\"skt-builder-block-wrapper skt-builder-accordion-block skt-builder-accordion-block-235\" style=\"background-color: #ffffff; background-image: url(); padding-bottom: 0px; padding-top: 0px; \">\r\n\t<div class=\"skt-builder-block-inner skt-builder-block-inner-235\" style=\"\">\r\n\t\t<div class=\"skt-builder-container\">\r\n\t\t\t\t<div class=\"skt-builder-block-title\">\r\n\t\t\t\t\t<h2 style=\"color: #282828; text-align: center;\">LE CONTRAT DE DJAMS EVENTS<\/h2>\r\n\t\t\t\t<\/div>\r\n                <div class=\"skt-builder-block-description\"><p><br><\/p><\/div>\r\n\t\t\t<div class=\"skt-builder-accordion\">\r\n\t\t\t\t\t<button class=\"skt-accordion\" style=\"background-color: #282828; color: #ffffff;\">Proposez-vous un contrat \u00e9crit ? <\/button>\r\n\t\t\t\t\t<div class=\"skt-accordion-panel\">\r\n\t\t\t\t\t\t<div class=\"skt-accordion-panel-inner\" style=\"background-color: #f7f7f7; color: #282828;\"><h6 class=\"ql-align-center\">       <\/h6><p class=\"ql-align-center\">Nous proposons syst\u00e9matiquement la mise en place d\u2019un contrat \u00e0 nos clients qui permet aux deux parties d\u2019\u00eatre rassur\u00e9es et en conformit\u00e9 avec la demande.<\/p><\/div>\r\n\t\t\t\t\t<\/div>\r\n\t\t\t\t\t<button class=\"skt-accordion\" style=\"background-color: #282828; color: #ffffff;\"> Quelles sont les conditions de paiement ? <\/button>\r\n\t\t\t\t\t<div class=\"skt-accordion-panel\">\r\n\t\t\t\t\t\t<div class=\"skt-accordion-panel-inner\" style=\"background-color: #f7f7f7; color: #282828;\"><p class=\"ql-align-center\">Un acompte de 30 % non remboursable est demand\u00e9 avec le devis et le contrat sign\u00e9 apr\u00e8s la r\u00e9union initiale avec votre DJ. Le solde est payable \u00e0 la fin de votre \u00e9v\u00e9nement. Djams Events accepte les paiements en esp\u00e8ces, par ch\u00e8ques ou par virement.<\/p><\/div>\r\n\t\t\t\t\t<\/div>\r\n\t\t\t\t\t<button class=\"skt-accordion\" style=\"background-color: #282828; color: #ffffff;\">Etes-vous assur\u00e9 ? <\/button>\r\n\t\t\t\t\t<div class=\"skt-accordion-panel\">\r\n\t\t\t\t\t\t<div class=\"skt-accordion-panel-inner\" style=\"background-color: #f7f7f7; color: #282828;\"><p class=\"ql-align-center\">Djams Events est couvert par une police d\u2019assurance qui couvre les biens et les personnes. N\u00e9anmoins, toute d\u00e9t\u00e9rioration du mat\u00e9riel caus\u00e9e par vos invit\u00e9s ne pourra \u00eatre prise en charge. Vous seriez dans ce cas redevable du montant des r\u00e9parations.<\/p><\/div>\r\n\t\t\t\t\t<\/div>\r\n\t\t\t<\/div>\r\n\t\t<\/div>\r\n\t<\/div>\r\n<\/div>\r\n<script>\r\nvar acc = jQuery(\".skt-builder-accordion-block-235 .skt-accordion\");\r\nvar i;\r\n\r\nfor (i = 0; i < acc.length; i++) {\r\n  acc[i].addEventListener(\"click\", function() {\r\n    this.classList.toggle(\"skt-accordion-active\");\r\n    var panel = this.nextElementSibling;\r\n    if (panel.style.maxHeight){\r\n      panel.style.maxHeight = null;\r\n    } else {\r\n      panel.style.maxHeight = panel.scrollHeight + \"px\";\r\n    } \r\n  });\r\n}\r\n<\/script>    <!-- sktbuilder starter --><script type=\"text\/javascript\" src=\"https:\/\/djamsevents.com\/wp-content\/plugins\/skt-builder\/sktbuilder\/sktbuilder-frontend-starter.js\"><\/script><script type=\"text\/javascript\" src=\"https:\/\/djamsevents.com\/wp-content\/plugins\/skt-builder\/sktbuilder-wordpress-driver.js\"><\/script><script type=\"text\/javascript\"> var starter = new SktbuilderStarter({\"mode\": \"prod\", \"skip\":[\"jquery\",\"underscore\",\"backbone\"],\"sktbuilderUrl\": \"https:\/\/djamsevents.com\/wp-content\/plugins\/skt-builder\/sktbuilder\/\", \"driver\": new SktbuilderWordpressDriver({\"ajaxUrl\": \"https:\/\/djamsevents.com\/wp-admin\/admin-ajax.php\", \"iframeUrl\": \"https:\/\/djamsevents.com\/index.php\/faq\/?sktbuilder=true\", \"pageId\": 3987, \"pages\": [{\"title\":\"Home\",\"url\":\"https:\\\/\\\/djamsevents.com\\\/wp-admin\\\/post.php?post=701&action=sktbuilder\"},{\"title\":\"PR\\u00c9SENTATION\",\"url\":\"https:\\\/\\\/djamsevents.com\\\/wp-admin\\\/post.php?post=19&action=sktbuilder\"},{\"title\":\"PRESTATIONS\",\"url\":\"https:\\\/\\\/djamsevents.com\\\/wp-admin\\\/post.php?post=22&action=sktbuilder\"},{\"title\":\"GALERIE\",\"url\":\"https:\\\/\\\/djamsevents.com\\\/wp-admin\\\/post.php?post=24&action=sktbuilder\"},{\"title\":\"NOUS CONTACTER\",\"url\":\"https:\\\/\\\/djamsevents.com\\\/wp-admin\\\/post.php?post=32&action=sktbuilder\"}], \"page\": \"FAQ\" }) });<\/script><!-- end sktbuilder starter -->","protected":false},"excerpt":{"rendered":"<p>LES PRESTATIONS DJAMS EVENTS Quel est le prix de votre prestation? Le co\u00fbt de la prestation est compris entre 300\u20ac et 2000\u20ac, il inclut la sonorisation, les lumi\u00e8res et l\u2019animation DJ. Le prix est d\u00e9termin\u00e9 de mani\u00e8re objective en fonction de vos besoins et des options retenues pour l\u2019organisation de votre mariage, anniversaire, soir\u00e9e priv\u00e9e<br \/><a class=\"moretag\" href=\"https:\/\/djamsevents.com\/index.php\/faq\/\">+ Read More<\/a><\/p>\n","protected":false},"author":1,"featured_media":0,"parent":0,"menu_order":0,"comment_status":"closed","ping_status":"closed","template":"templates\/page-builder.php","meta":{"footnotes":""},"class_list":["post-3987","page","type-page","status-publish","hentry"],"_links":{"self":[{"href":"https:\/\/djamsevents.com\/index.php\/wp-json\/wp\/v2\/pages\/3987","targetHints":{"allow":["GET"]}}],"collection":[{"href":"https:\/\/djamsevents.com\/index.php\/wp-json\/wp\/v2\/pages"}],"about":[{"href":"https:\/\/djamsevents.com\/index.php\/wp-json\/wp\/v2\/types\/page"}],"author":[{"embeddable":true,"href":"https:\/\/djamsevents.com\/index.php\/wp-json\/wp\/v2\/users\/1"}],"replies":[{"embeddable":true,"href":"https:\/\/djamsevents.com\/index.php\/wp-json\/wp\/v2\/comments?post=3987"}],"version-history":[{"count":18,"href":"https:\/\/djamsevents.com\/index.php\/wp-json\/wp\/v2\/pages\/3987\/revisions"}],"predecessor-version":[{"id":4016,"href":"https:\/\/djamsevents.com\/index.php\/wp-json\/wp\/v2\/pages\/3987\/revisions\/4016"}],"wp:attachment":[{"href":"https:\/\/djamsevents.com\/index.php\/wp-json\/wp\/v2\/media?parent=3987"}],"curies":[{"name":"wp","href":"https:\/\/api.w.org\/{rel}","templated":true}]}}