{"id":3674,"date":"2024-03-03T17:29:23","date_gmt":"2024-03-03T16:29:23","guid":{"rendered":"http:\/\/djamsevents.com\/?page_id=3674"},"modified":"2024-04-14T01:30:03","modified_gmt":"2024-04-13T23:30:03","slug":"soiree-privee","status":"publish","type":"page","link":"https:\/\/djamsevents.com\/index.php\/soiree-privee\/","title":{"rendered":"SOIR\u00c9E PRIV\u00c9E"},"content":{"rendered":"<div class=\"skt-builder-block-wrapper skt-builder-home-section1-block skt-builder-home-section1-block-90\" style=\"background-color: #f5f5f5; background-image: url(); padding-bottom: 0px; padding-top: 0px; \">\r\n  <div class=\"skt-builder-block-inner skt-builder-block-inner-90\" style=\"visibility: hidden;\">\r\n    <div class=\"skt-builder-container\"> \r\n    \t<style>\r\n\t\t\t.skt-builder-home-section1-block-90 .skt-builder-block-title span {color: #323131 !important;}\r\n        <\/style>\r\n      <div class=\"skt-builder-columns-row skt-builder-columns-row-3column\">      \t\r\n                <a href=\"#\" >\r\n                <style>\r\n\t\t\t\t\t.skt-builder-service-column-96.servicebox h3{color: #323131 !important;}\r\n\t\t\t\t\t.skt-builder-service-column-96.servicebox:hover h3{color: #da3884 !important;}\r\n\t\t\t\t<\/style>\r\n                    <div class=\"skt-builder-column skt-builder-service-column skt-builder-service-column-96 servicebox boxpattern-1 skt-builder-column skt-builder-service-column skt-builder-service-column-96\">\r\n                      <div class=\"serviceboxbg\">\r\n                        <div class=\"services-thumb\" style=\"background-color:rgba(218,56,132, 1);\">\r\n                        \t<img decoding=\"async\" class=\"skt-builder-service-column-image\" src=\"https:\/\/djamsevents.com\/wp-content\/uploads\/2024\/02\/IMG_9643-scaled.jpg\">\r\n                        <\/div>\r\n                        <div class=\"servicebox-content\">\r\n                            <h3><\/h3>\r\n                        <\/div>\r\n                      <\/div>\r\n                    <\/div>\r\n                <\/a>\r\n                <a href=\"#\" >\r\n                <style>\r\n\t\t\t\t\t.skt-builder-service-column-99.servicebox h3{color: #323131 !important;}\r\n\t\t\t\t\t.skt-builder-service-column-99.servicebox:hover h3{color: #da3884 !important;}\r\n\t\t\t\t<\/style>\r\n                    <div class=\"skt-builder-column skt-builder-service-column skt-builder-service-column-99 servicebox boxpattern-1 skt-builder-column skt-builder-service-column skt-builder-service-column-99\">\r\n                      <div class=\"serviceboxbg\">\r\n                        <div class=\"services-thumb\" style=\"background-color:rgba(218,56,132, 1);\">\r\n                        \t<img decoding=\"async\" class=\"skt-builder-service-column-image\" src=\"https:\/\/djamsevents.com\/wp-content\/uploads\/2024\/02\/DSC_7305.jpg\">\r\n                        <\/div>\r\n                        <div class=\"servicebox-content\">\r\n                            <h3><\/h3>\r\n                        <\/div>\r\n                      <\/div>\r\n                    <\/div>\r\n                <\/a>\r\n                <a href=\"#\" >\r\n                <style>\r\n\t\t\t\t\t.skt-builder-service-column-92.servicebox h3{color: #323131 !important;}\r\n\t\t\t\t\t.skt-builder-service-column-92.servicebox:hover h3{color: #da3884 !important;}\r\n\t\t\t\t<\/style>\r\n                    <div class=\"skt-builder-column skt-builder-service-column skt-builder-service-column-92 servicebox boxpattern-1 skt-builder-column skt-builder-service-column skt-builder-service-column-92\">\r\n                      <div class=\"serviceboxbg\">\r\n                        <div class=\"services-thumb\" style=\"background-color:rgba(218,56,132, 1);\">\r\n                        \t<img decoding=\"async\" class=\"skt-builder-service-column-image\" src=\"https:\/\/djamsevents.com\/wp-content\/uploads\/2024\/04\/Capture-decran-2022-01-14-a-13.56.27-2-e1712059012706.png\">\r\n                        <\/div>\r\n                        <div class=\"servicebox-content\">\r\n                            <h3><\/h3>\r\n                        <\/div>\r\n                      <\/div>\r\n                    <\/div>\r\n                <\/a>\r\n         <\/div>\r\n    <\/div>\r\n  <\/div>\r\n<\/div>\r\n<script>\r\njQuery(document).ready(function() {\r\n    jQuery('p').each(function() {\r\n        var $this = jQuery(this);\r\n        if($this.html().replace(\/s|&nbsp;\/g, '').length == 0) {\r\n            $this.remove();\r\n        }\r\n    });\r\n});\r\n\r\njQuery(document).ready(function() {\r\n    jQuery('p').each(function() {\r\n        var $this = jQuery(this);\r\n        if($this.html().replace(\/s|<br>\/g, '').length == 0) {\r\n            $this.remove();\r\n        }\r\n    });\r\n});\r\n<\/script> \r\n<script>\r\njQuery.noConflict();\r\njQuery(document).ready(function(){\r\njQuery(window).scroll(function(){\r\n    \/\/ This is then function used to detect if the element is scrolled into view\r\n    function elementScrolled(elem)\r\n    {\r\n        var docViewTop = jQuery(window).scrollTop();\r\n        var docViewBottom = docViewTop + jQuery(window).height();\r\n        var elemTop = jQuery(elem).offset().top;\r\n        return ((elemTop <= docViewBottom) && (elemTop >= docViewTop));\r\n    }\r\n\r\n\tif (jQuery('.skt-builder-block-inner-90').length > 0) {\r\n\tif(elementScrolled('.skt-builder-block-inner-90')) {\r\n        var els = jQuery('.skt-builder-block-inner-90'),\r\n            i = 0,\r\n            f = function () {\r\n                jQuery(els[i++]).addClass('fadeInUp');\r\n                if(i < els.length) setTimeout(f, 400);\r\n            };\r\n        f();\r\n    }}\r\n\r\n});\r\n});\r\n<\/script> \r\n<div id=\"skt-builder-home-pricing-table-block-32\" class=\"skt-builder-block-wrapper skt-builder-pricing-table-block skt-builder-home-pricing-table-block-32\" style=\"background-color: #ffffff; background-image: url(); padding-bottom: 80px; padding-top: 80px; background-attachment: fixed;\">\r\n\t<div class=\"skt-builder-block-inner skt-builder-block-inner-32\" style=\"\">\r\n\t\t<div class=\"skt-builder-container\">\r\n\t\t\t\t<div class=\"skt-builder-block-title\">\r\n\t\t\t\t\t<h2 style=\"color: #282828; text-align: center;\">OFFRES ET TARIFS<\/h2>\r\n\t\t\t\t<\/div>\r\n                <div class=\"skt-builder-block-description\"><p class=\"ql-align-center\">Illuminez vos soir\u00e9es priv\u00e9es avec notre service de sonorisation sur mesure. De l'ambiance feutr\u00e9e aux festivit\u00e9s endiabl\u00e9es, laissez-nous cr\u00e9er une exp\u00e9rience sonore inoubliable pour vos \u00e9v\u00e9nements. Avec notre expertise, chaque moment de votre soir\u00e9e sera parfaitement orchestr\u00e9. Faites de votre \u00e9v\u00e9nement un v\u00e9ritable succ\u00e8s avec notre sonorisation professionnelle.<\/p><p class=\"ql-align-center\"><em>*Tarif TTC indicatif hors frais de d\u00e9placement (0,50 \u20ac\/km \u00e0 partir de Clermont-Ferrand)<\/em><\/p><\/div>\r\n\t\t\t<div class=\"skt-builder-columns-row skt-builder-columns-row-1column\">\r\n                        <div class=\"skt-builder-column skt-builder-pricing-table skt-builder-pricing-table-34\">\r\n                            <style>\r\n                                .skt-builder-pricing-table-34 .skt-builder-block-column-button{background-color: #9437fd; color: #ffffff;}\r\n                                .skt-builder-pricing-table-34 .skt-builder-block-column-button:hover{background-color: #ffffff; color: #5cb4f2;}\r\n                            <\/style>\r\n                            <div class=\"skt-builder-pricing-table-inner\" style=\"background-color: #886af8;\">\r\n                                <div class=\"skt-builder-pricing-table-content\">\r\n                                    <h3 class=\"skt-builder-pricing-table-title\" style=\"color: #ffffff;\">STANDARD<\/h3>\r\n                                    \r\n                                    <h4 class=\"skt-builder-pricing-table-price\" style=\"color: #ffffff;\"><sup>\u20ac<\/sup>399<sub style=\"color: #ffffff;\">\/\u00e0 partir*<\/sub><\/h4>\r\n                                    <div class=\"skt-builder-pricing-table-features\" style=\"color: #ffffff;\"><p>Repas<\/p><p>Soir\u00e9e<\/p><p>Sonorisation line array 2000 W<\/p><p>1 Dj \/Animateur<\/p><p>Barre d'effets LED + Laser + Multi Strobe avec tr\u00e9pied<\/p><p>Panneaux fa\u00e7ade + lycras blancs<\/p><p>4 Leds ambiance<\/p><p>1 Entretien \u00e0 domicile<\/p><p>Regie pro + numerique<\/p><p>1 Machine \u00e0 fum\u00e9e<\/p><p>1 Micro UHF sans-fi<\/p><\/div>\r\n                                    <a class=\"skt-builder-block-column-button\" href=\"https:\/\/djamsevents.com\/index.php\/nous-contacter\/\" target=\"_blank\" rel=\"noopener\">DEMANDEZ UN DEVIS<\/a>\r\n                                <\/div>\r\n                            <\/div>\r\n                        <\/div>\r\n\t\t\t<\/div>\r\n\t\t<\/div>\r\n\t<\/div>\r\n<\/div>    <!-- sktbuilder starter --><script type=\"text\/javascript\" src=\"https:\/\/djamsevents.com\/wp-content\/plugins\/skt-builder\/sktbuilder\/sktbuilder-frontend-starter.js\"><\/script><script type=\"text\/javascript\" src=\"https:\/\/djamsevents.com\/wp-content\/plugins\/skt-builder\/sktbuilder-wordpress-driver.js\"><\/script><script type=\"text\/javascript\"> var starter = new SktbuilderStarter({\"mode\": \"prod\", \"skip\":[\"jquery\",\"underscore\",\"backbone\"],\"sktbuilderUrl\": \"https:\/\/djamsevents.com\/wp-content\/plugins\/skt-builder\/sktbuilder\/\", \"driver\": new SktbuilderWordpressDriver({\"ajaxUrl\": \"https:\/\/djamsevents.com\/wp-admin\/admin-ajax.php\", \"iframeUrl\": \"https:\/\/djamsevents.com\/index.php\/soiree-privee\/?sktbuilder=true\", \"pageId\": 3674, \"pages\": [{\"title\":\"Home\",\"url\":\"https:\\\/\\\/djamsevents.com\\\/wp-admin\\\/post.php?post=701&action=sktbuilder\"},{\"title\":\"PR\\u00c9SENTATION\",\"url\":\"https:\\\/\\\/djamsevents.com\\\/wp-admin\\\/post.php?post=19&action=sktbuilder\"},{\"title\":\"PRESTATIONS\",\"url\":\"https:\\\/\\\/djamsevents.com\\\/wp-admin\\\/post.php?post=22&action=sktbuilder\"},{\"title\":\"GALERIE\",\"url\":\"https:\\\/\\\/djamsevents.com\\\/wp-admin\\\/post.php?post=24&action=sktbuilder\"},{\"title\":\"NOUS CONTACTER\",\"url\":\"https:\\\/\\\/djamsevents.com\\\/wp-admin\\\/post.php?post=32&action=sktbuilder\"}], \"page\": \"SOIR\u00c9E PRIV\u00c9E\" }) });<\/script><!-- end sktbuilder starter -->","protected":false},"excerpt":{"rendered":"<p>OFFRES ET TARIFS Illuminez vos soir\u00e9es priv\u00e9es avec notre service de sonorisation sur mesure. De l&rsquo;ambiance feutr\u00e9e aux festivit\u00e9s endiabl\u00e9es, laissez-nous cr\u00e9er une exp\u00e9rience sonore inoubliable pour vos \u00e9v\u00e9nements. Avec notre expertise, chaque moment de votre soir\u00e9e sera parfaitement orchestr\u00e9. Faites de votre \u00e9v\u00e9nement un v\u00e9ritable succ\u00e8s avec notre sonorisation professionnelle.*Tarif TTC indicatif hors frais<br \/><a class=\"moretag\" href=\"https:\/\/djamsevents.com\/index.php\/soiree-privee\/\">+ Read More<\/a><\/p>\n","protected":false},"author":1,"featured_media":0,"parent":0,"menu_order":0,"comment_status":"closed","ping_status":"closed","template":"templates\/page-fullwidth_template.php","meta":{"footnotes":""},"class_list":["post-3674","page","type-page","status-publish","hentry"],"_links":{"self":[{"href":"https:\/\/djamsevents.com\/index.php\/wp-json\/wp\/v2\/pages\/3674","targetHints":{"allow":["GET"]}}],"collection":[{"href":"https:\/\/djamsevents.com\/index.php\/wp-json\/wp\/v2\/pages"}],"about":[{"href":"https:\/\/djamsevents.com\/index.php\/wp-json\/wp\/v2\/types\/page"}],"author":[{"embeddable":true,"href":"https:\/\/djamsevents.com\/index.php\/wp-json\/wp\/v2\/users\/1"}],"replies":[{"embeddable":true,"href":"https:\/\/djamsevents.com\/index.php\/wp-json\/wp\/v2\/comments?post=3674"}],"version-history":[{"count":9,"href":"https:\/\/djamsevents.com\/index.php\/wp-json\/wp\/v2\/pages\/3674\/revisions"}],"predecessor-version":[{"id":3878,"href":"https:\/\/djamsevents.com\/index.php\/wp-json\/wp\/v2\/pages\/3674\/revisions\/3878"}],"wp:attachment":[{"href":"https:\/\/djamsevents.com\/index.php\/wp-json\/wp\/v2\/media?parent=3674"}],"curies":[{"name":"wp","href":"https:\/\/api.w.org\/{rel}","templated":true}]}}