{"id":3665,"date":"2024-03-03T17:27:54","date_gmt":"2024-03-03T16:27:54","guid":{"rendered":"http:\/\/djamsevents.com\/?page_id=3665"},"modified":"2024-04-14T01:26:29","modified_gmt":"2024-04-13T23:26:29","slug":"mariage","status":"publish","type":"page","link":"https:\/\/djamsevents.com\/index.php\/mariage\/","title":{"rendered":"MARIAGE"},"content":{"rendered":"<div class=\"skt-builder-block-wrapper skt-builder-home-section1-block skt-builder-home-section1-block-774\" style=\"background-color: #f5f5f5; background-image: url(); padding-bottom: 0px; padding-top: 0px; \">\r\n  <div class=\"skt-builder-block-inner skt-builder-block-inner-774\" style=\"visibility: hidden;\">\r\n    <div class=\"skt-builder-container\"> \r\n    \t<style>\r\n\t\t\t.skt-builder-home-section1-block-774 .skt-builder-block-title span {color: #323131 !important;}\r\n        <\/style>\r\n      <div class=\"skt-builder-columns-row skt-builder-columns-row-3column\">      \t\r\n                <a href=\"#\" >\r\n                <style>\r\n\t\t\t\t\t.skt-builder-service-column-776.servicebox h3{color: #323131 !important;}\r\n\t\t\t\t\t.skt-builder-service-column-776.servicebox:hover h3{color: #da3884 !important;}\r\n\t\t\t\t<\/style>\r\n                    <div class=\"skt-builder-column skt-builder-service-column skt-builder-service-column-776 servicebox boxpattern-1 skt-builder-column skt-builder-service-column skt-builder-service-column-776\">\r\n                      <div class=\"serviceboxbg\">\r\n                        <div class=\"services-thumb\" style=\"background-color:rgba(218,56,132, 1);\">\r\n                        \t<img decoding=\"async\" class=\"skt-builder-service-column-image\" src=\"https:\/\/djamsevents.com\/wp-content\/uploads\/2024\/04\/WhatsApp-Image-2024-04-01-at-15.26.06-e1712923262826.jpeg\">\r\n                        <\/div>\r\n                        <div class=\"servicebox-content\">\r\n                            <h3><\/h3>\r\n                        <\/div>\r\n                      <\/div>\r\n                    <\/div>\r\n                <\/a>\r\n                <a href=\"#\" >\r\n                <style>\r\n\t\t\t\t\t.skt-builder-service-column-780.servicebox h3{color: #323131 !important;}\r\n\t\t\t\t\t.skt-builder-service-column-780.servicebox:hover h3{color: #da3884 !important;}\r\n\t\t\t\t<\/style>\r\n                    <div class=\"skt-builder-column skt-builder-service-column skt-builder-service-column-780 servicebox boxpattern-1 skt-builder-column skt-builder-service-column skt-builder-service-column-780\">\r\n                      <div class=\"serviceboxbg\">\r\n                        <div class=\"services-thumb\" style=\"background-color:rgba(218,56,132, 1);\">\r\n                        \t<img decoding=\"async\" class=\"skt-builder-service-column-image\" src=\"https:\/\/djamsevents.com\/wp-content\/uploads\/2024\/04\/WhatsApp-Image-2024-04-01-at-15.26.04-4-e1712923308122.jpeg\">\r\n                        <\/div>\r\n                        <div class=\"servicebox-content\">\r\n                            <h3><\/h3>\r\n                        <\/div>\r\n                      <\/div>\r\n                    <\/div>\r\n                <\/a>\r\n                <a href=\"#\" >\r\n                <style>\r\n\t\t\t\t\t.skt-builder-service-column-783.servicebox h3{color: #323131 !important;}\r\n\t\t\t\t\t.skt-builder-service-column-783.servicebox:hover h3{color: #da3884 !important;}\r\n\t\t\t\t<\/style>\r\n                    <div class=\"skt-builder-column skt-builder-service-column skt-builder-service-column-783 servicebox boxpattern-1 skt-builder-column skt-builder-service-column skt-builder-service-column-783\">\r\n                      <div class=\"serviceboxbg\">\r\n                        <div class=\"services-thumb\" style=\"background-color:rgba(218,56,132, 1);\">\r\n                        \t<img decoding=\"async\" class=\"skt-builder-service-column-image\" src=\"https:\/\/djamsevents.com\/wp-content\/uploads\/2024\/04\/WhatsApp-Image-2024-04-01-at-15.26.04-e1712055600679.jpeg\">\r\n                        <\/div>\r\n                        <div class=\"servicebox-content\">\r\n                            <h3><\/h3>\r\n                        <\/div>\r\n                      <\/div>\r\n                    <\/div>\r\n                <\/a>\r\n         <\/div>\r\n    <\/div>\r\n  <\/div>\r\n<\/div>\r\n<script>\r\njQuery(document).ready(function() {\r\n    jQuery('p').each(function() {\r\n        var $this = jQuery(this);\r\n        if($this.html().replace(\/s|&nbsp;\/g, '').length == 0) {\r\n            $this.remove();\r\n        }\r\n    });\r\n});\r\n\r\njQuery(document).ready(function() {\r\n    jQuery('p').each(function() {\r\n        var $this = jQuery(this);\r\n        if($this.html().replace(\/s|<br>\/g, '').length == 0) {\r\n            $this.remove();\r\n        }\r\n    });\r\n});\r\n<\/script> \r\n<script>\r\njQuery.noConflict();\r\njQuery(document).ready(function(){\r\njQuery(window).scroll(function(){\r\n    \/\/ This is then function used to detect if the element is scrolled into view\r\n    function elementScrolled(elem)\r\n    {\r\n        var docViewTop = jQuery(window).scrollTop();\r\n        var docViewBottom = docViewTop + jQuery(window).height();\r\n        var elemTop = jQuery(elem).offset().top;\r\n        return ((elemTop <= docViewBottom) && (elemTop >= docViewTop));\r\n    }\r\n\r\n\tif (jQuery('.skt-builder-block-inner-774').length > 0) {\r\n\tif(elementScrolled('.skt-builder-block-inner-774')) {\r\n        var els = jQuery('.skt-builder-block-inner-774'),\r\n            i = 0,\r\n            f = function () {\r\n                jQuery(els[i++]).addClass('fadeInUp');\r\n                if(i < els.length) setTimeout(f, 400);\r\n            };\r\n        f();\r\n    }}\r\n\r\n});\r\n});\r\n<\/script> \r\n<div id=\"skt-builder-home-pricing-table-block-32\" class=\"skt-builder-block-wrapper skt-builder-pricing-table-block skt-builder-home-pricing-table-block-32\" style=\"background-color: #ffffff; background-image: url(); padding-bottom: 80px; padding-top: 80px; background-attachment: fixed;\">\r\n\t<div class=\"skt-builder-block-inner skt-builder-block-inner-32\" style=\"\">\r\n\t\t<div class=\"skt-builder-container\">\r\n\t\t\t\t<div class=\"skt-builder-block-title\">\r\n\t\t\t\t\t<h2 style=\"color: #282828; text-align: center;\">MARIAGE<\/h2>\r\n\t\t\t\t<\/div>\r\n                <div class=\"skt-builder-block-description\"><p class=\"ql-align-center\">D\u00e9couvrez nos packs exclusifs Rubis, Saphir et Diamant pour faire de votre mariage un \u00e9v\u00e9nement magique et m\u00e9morable. Avec nos services de DJ, sonorisation, mise en lumi\u00e8re et vid\u00e9oprojection, chaque instant de votre grand jour sera sublim\u00e9. Du son cristallin \u00e0 l'ambiance lumineuse en passant par des projections \u00e9mouvantes, laissez-nous cr\u00e9er le mariage de vos r\u00eaves. Choisissez la perfection avec nos packs mariage et cr\u00e9ez des souvenirs \u00e9clatants pour vous et vos invit\u00e9s.<\/p><p class=\"ql-align-center\"><em>*Tarif TTC indicatif hors frais de d\u00e9placement (0,50 \u20ac\/km \u00e0 partir de Clermont-Ferrand)<\/em><\/p><\/div>\r\n\t\t\t<div class=\"skt-builder-columns-row skt-builder-columns-row-3column\">\r\n                        <div class=\"skt-builder-column skt-builder-pricing-table skt-builder-pricing-table-34\">\r\n                            <style>\r\n                                .skt-builder-pricing-table-34 .skt-builder-block-column-button{background-color: #9437fd; color: #ffffff;}\r\n                                .skt-builder-pricing-table-34 .skt-builder-block-column-button:hover{background-color: #ffffff; color: #282828;}\r\n                            <\/style>\r\n                            <div class=\"skt-builder-pricing-table-inner\" style=\"background-color: #800000;\">\r\n                                <div class=\"skt-builder-pricing-table-content\">\r\n                                    <h3 class=\"skt-builder-pricing-table-title\" style=\"color: #ffffff;\">RUBIS<\/h3>\r\n                                    \r\n                                    <h4 class=\"skt-builder-pricing-table-price\" style=\"color: #ffffff;\"><sup>\u20ac<\/sup>899<sub style=\"color: #ffffff;\">\/\u00e0 partir* <\/sub><\/h4>\r\n                                    <div class=\"skt-builder-pricing-table-features\" style=\"color: #ffffff;\"><p>Repas<\/p><p>Soir\u00e9e<\/p><p>Sonorisation line array 2000 W<\/p><p>1 Dj \/Animateur<\/p><p>Barre d'effets LED + Laser + Multi Strobe avec tr\u00e9pied<\/p><p>Panneaux facade + lycras blanc<\/p><p>4 Leds ambiance<\/p><p>1 Entretien \u00e0 domicile<\/p><p>Regie pro + numerique<\/p><p>1 Machine \u00e0 fum\u00e9e<\/p><p>1 Micro UHF sans-fil<\/p><\/div>\r\n                                    <a class=\"skt-builder-block-column-button\" href=\"https:\/\/djamsevents.com\/index.php\/nous-contacter\/\" target=\"_blank\" rel=\"noopener\">DEMANDEZ UN DEVIS<\/a>\r\n                                <\/div>\r\n                            <\/div>\r\n                        <\/div>\r\n                        <div class=\"skt-builder-column skt-builder-pricing-table skt-builder-pricing-table-38\">\r\n                            <style>\r\n                                .skt-builder-pricing-table-38 .skt-builder-block-column-button{background-color: #886af8; color: #FFFFFF;}\r\n                                .skt-builder-pricing-table-38 .skt-builder-block-column-button:hover{background-color: #FFC0CB; color: #ffffff;}\r\n                            <\/style>\r\n                            <div class=\"skt-builder-pricing-table-inner\" style=\"background-color: #FFC0CB;\">\r\n                                <div class=\"skt-builder-pricing-table-content\">\r\n                                    <h3 class=\"skt-builder-pricing-table-title\" style=\"color: #ffffff;\">SAPHIR<\/h3>\r\n                                    \r\n                                    <h4 class=\"skt-builder-pricing-table-price\" style=\"color: #ffffff;\"><sup>\u20ac<\/sup>1399<sub style=\"color: #ffffff;\">\/\u00e0 partir* <\/sub><\/h4>\r\n                                    <div class=\"skt-builder-pricing-table-features\" style=\"color: #ffffff;\"><p>Vin d'honneur<\/p><p>Repas<\/p><p>Soir\u00e9e<\/p><p>Sonorisation ext\u00e9rieure 2500W<\/p><p>2 Microfilaires + pieds<\/p><p>Pro tente 3X3 blanc<\/p><p>Sonorisation line array 2000 W<\/p><p>1 Dj \/Animateur<\/p><p>2 Barre d'effets LED + Laser + Multi Strobe avec tr\u00e9pied<\/p><p>2 Scans lumi\u00e8res<\/p><p>Panneaux fa\u00e7ade + lycras blancs<\/p><p>4 Leds ambiance<\/p><p>2 Entretiens \u00e0 domicile<\/p><p>Regie pro + numerique<\/p><p>1 Machine \u00e0 fum\u00e9e<\/p><p>1 Micro UHF sans-fil<\/p><\/div>\r\n                                    <a class=\"skt-builder-block-column-button\" href=\"https:\/\/djamsevents.com\/index.php\/nous-contacter\/\" target=\"_blank\" rel=\"noopener\">DEMANDEZ UN DEVIS<\/a>\r\n                                <\/div>\r\n                            <\/div>\r\n                        <\/div>\r\n                        <div class=\"skt-builder-column skt-builder-pricing-table skt-builder-pricing-table-41\">\r\n                            <style>\r\n                                .skt-builder-pricing-table-41 .skt-builder-block-column-button{background-color: #886af8; color: #FFF;}\r\n                                .skt-builder-pricing-table-41 .skt-builder-block-column-button:hover{background-color: #FFF; color: #FFFFFF;}\r\n                            <\/style>\r\n                            <div class=\"skt-builder-pricing-table-inner\" style=\"background-color: #EEEEEE;\">\r\n                                <div class=\"skt-builder-pricing-table-content\">\r\n                                    <h3 class=\"skt-builder-pricing-table-title\" style=\"color: #111;\">DIAMANT<\/h3>\r\n                                    \r\n                                    <h4 class=\"skt-builder-pricing-table-price\" style=\"color: #111;\"><sup>\u20ac<\/sup>1799<sub style=\"color: #111;\">\/\u00e0 partir* <\/sub><\/h4>\r\n                                    <div class=\"skt-builder-pricing-table-features\" style=\"color: #111;\"><p>C\u00e9r\u00e9monie<\/p><p>Vin d'honneur<\/p><p>Repas<\/p><p>Soir\u00e9e<\/p><p>Sonorisation ext\u00e9rieure 2500W<\/p><p>2 Microfilaires + pieds<\/p><p>Pro tente 3X3 blanc<\/p><p>Sonorisation line array 2000 W<\/p><p>1 Dj \/Animateur<\/p><p>2 Barre d'effets LED + Laser + Multi Strobe avec tr\u00e9pied<\/p><p>2 Scans lumi\u00e8res<\/p><p>Panneaux fa\u00e7ade + lycras blancs<\/p><p>8 Leds ambiance<\/p><p>2 Entretiens \u00e0 domicile<\/p><p>Regie pro + numerique<\/p><p>1 Machine \u00e0 fum\u00e9e<\/p><p>1 Micro UHF sans-fil<\/p><p>Vid\u00e9o projecteur + Ecran<\/p><\/div>\r\n                                    <a class=\"skt-builder-block-column-button\" href=\"https:\/\/djamsevents.com\/index.php\/nous-contacter\/\" target=\"_blank\" rel=\"noopener\">DEMANDEZ UN DEVIS<\/a>\r\n                                <\/div>\r\n                            <\/div>\r\n                        <\/div>\r\n\t\t\t<\/div>\r\n\t\t<\/div>\r\n\t<\/div>\r\n<\/div>    <!-- sktbuilder starter --><script type=\"text\/javascript\" src=\"https:\/\/djamsevents.com\/wp-content\/plugins\/skt-builder\/sktbuilder\/sktbuilder-frontend-starter.js\"><\/script><script type=\"text\/javascript\" src=\"https:\/\/djamsevents.com\/wp-content\/plugins\/skt-builder\/sktbuilder-wordpress-driver.js\"><\/script><script type=\"text\/javascript\"> var starter = new SktbuilderStarter({\"mode\": \"prod\", \"skip\":[\"jquery\",\"underscore\",\"backbone\"],\"sktbuilderUrl\": \"https:\/\/djamsevents.com\/wp-content\/plugins\/skt-builder\/sktbuilder\/\", \"driver\": new SktbuilderWordpressDriver({\"ajaxUrl\": \"https:\/\/djamsevents.com\/wp-admin\/admin-ajax.php\", \"iframeUrl\": \"https:\/\/djamsevents.com\/index.php\/mariage\/?sktbuilder=true\", \"pageId\": 3665, \"pages\": [{\"title\":\"Home\",\"url\":\"https:\\\/\\\/djamsevents.com\\\/wp-admin\\\/post.php?post=701&action=sktbuilder\"},{\"title\":\"PR\\u00c9SENTATION\",\"url\":\"https:\\\/\\\/djamsevents.com\\\/wp-admin\\\/post.php?post=19&action=sktbuilder\"},{\"title\":\"PRESTATIONS\",\"url\":\"https:\\\/\\\/djamsevents.com\\\/wp-admin\\\/post.php?post=22&action=sktbuilder\"},{\"title\":\"GALERIE\",\"url\":\"https:\\\/\\\/djamsevents.com\\\/wp-admin\\\/post.php?post=24&action=sktbuilder\"},{\"title\":\"NOUS CONTACTER\",\"url\":\"https:\\\/\\\/djamsevents.com\\\/wp-admin\\\/post.php?post=32&action=sktbuilder\"}], \"page\": \"MARIAGE\" }) });<\/script><!-- end sktbuilder starter -->","protected":false},"excerpt":{"rendered":"<p>MARIAGE D\u00e9couvrez nos packs exclusifs Rubis, Saphir et Diamant pour faire de votre mariage un \u00e9v\u00e9nement magique et m\u00e9morable. Avec nos services de DJ, sonorisation, mise en lumi\u00e8re et vid\u00e9oprojection, chaque instant de votre grand jour sera sublim\u00e9. Du son cristallin \u00e0 l&rsquo;ambiance lumineuse en passant par des projections \u00e9mouvantes, laissez-nous cr\u00e9er le mariage de<br \/><a class=\"moretag\" href=\"https:\/\/djamsevents.com\/index.php\/mariage\/\">+ Read More<\/a><\/p>\n","protected":false},"author":1,"featured_media":0,"parent":0,"menu_order":0,"comment_status":"closed","ping_status":"closed","template":"templates\/page-fullwidth_template.php","meta":{"footnotes":""},"class_list":["post-3665","page","type-page","status-publish","hentry"],"_links":{"self":[{"href":"https:\/\/djamsevents.com\/index.php\/wp-json\/wp\/v2\/pages\/3665","targetHints":{"allow":["GET"]}}],"collection":[{"href":"https:\/\/djamsevents.com\/index.php\/wp-json\/wp\/v2\/pages"}],"about":[{"href":"https:\/\/djamsevents.com\/index.php\/wp-json\/wp\/v2\/types\/page"}],"author":[{"embeddable":true,"href":"https:\/\/djamsevents.com\/index.php\/wp-json\/wp\/v2\/users\/1"}],"replies":[{"embeddable":true,"href":"https:\/\/djamsevents.com\/index.php\/wp-json\/wp\/v2\/comments?post=3665"}],"version-history":[{"count":18,"href":"https:\/\/djamsevents.com\/index.php\/wp-json\/wp\/v2\/pages\/3665\/revisions"}],"predecessor-version":[{"id":3875,"href":"https:\/\/djamsevents.com\/index.php\/wp-json\/wp\/v2\/pages\/3665\/revisions\/3875"}],"wp:attachment":[{"href":"https:\/\/djamsevents.com\/index.php\/wp-json\/wp\/v2\/media?parent=3665"}],"curies":[{"name":"wp","href":"https:\/\/api.w.org\/{rel}","templated":true}]}}