{"id":24,"date":"2023-01-12T09:35:44","date_gmt":"2023-01-12T08:35:44","guid":{"rendered":"http:\/\/djamsevents.com\/?page_id=24"},"modified":"2024-04-11T18:11:36","modified_gmt":"2024-04-11T16:11:36","slug":"galerie","status":"publish","type":"page","link":"https:\/\/djamsevents.com\/index.php\/galerie\/","title":{"rendered":"GALERIE"},"content":{"rendered":"<div id=\"sktbuilder-block-gallery-zoom-block-32\" class=\"sktbuilder-block sktbuilder-block-gallery-zoom\">\r\n      <div class=\"qb-container\">\r\n          <div class=\"sktbuilder-header\">\r\n                    <div class=\"sktbuilder-header__description sktbuilder-header__description_color_black\">\r\n                       <p>\"Djams Events vous accompagne en France et \u00e0 l'\u00e9tranger pour tous vos \u00e9v\u00e9nements. Que ce soit pour un mariage, un anniversaire, une soir\u00e9e d'entreprise ou tout autre type d'\u00e9v\u00e9nement, notre \u00e9quipe exp\u00e9riment\u00e9e est l\u00e0 pour r\u00e9pondre \u00e0 vos besoins. De Paris \u00e0 New York, de Londres \u00e0 Duba\u00ef, nous vous offrons des services de qualit\u00e9 pour faire de votre \u00e9v\u00e9nement un succ\u00e8s m\u00e9morable, o\u00f9 que vous soyez dans le monde.<\/p>\r\n                    <\/div>\r\n           <\/div>\r\n      <\/div>\r\n              <div class=\"sktbuilder-gallery__item sktbuilder-gallery__item-32\">\r\n                      <div class=\"sktbuilder-gallery__thumb\">\r\n                          <img decoding=\"async\" class=\"img-responsive\" src=\"http:\/\/djamsevents.com\/wp-content\/uploads\/2024\/02\/IMG_1968-scaled.jpeg\" alt=\"\">\r\n                      <\/div>\r\n                      <div class=\"sktbuilder-gallery__thumb\">\r\n                          <img decoding=\"async\" class=\"img-responsive\" src=\"http:\/\/djamsevents.com\/wp-content\/uploads\/2024\/02\/IMG_1961-scaled.jpeg\" alt=\"\">\r\n                      <\/div>\r\n                      <div class=\"sktbuilder-gallery__thumb\">\r\n                          <img decoding=\"async\" class=\"img-responsive\" src=\"http:\/\/djamsevents.com\/wp-content\/uploads\/2024\/02\/IMG_0443.jpg\" alt=\"\">\r\n                      <\/div>\r\n                      <div class=\"sktbuilder-gallery__thumb\">\r\n                          <img decoding=\"async\" class=\"img-responsive\" src=\"http:\/\/djamsevents.com\/wp-content\/uploads\/2023\/01\/IMG_7445-scaled.jpeg\" alt=\"\">\r\n                      <\/div>\r\n                      <div class=\"sktbuilder-gallery__thumb\">\r\n                          <img decoding=\"async\" class=\"img-responsive\" src=\"http:\/\/djamsevents.com\/wp-content\/uploads\/2024\/02\/IMG_2654-scaled.jpeg\" alt=\"\">\r\n                      <\/div>\r\n                      <div class=\"sktbuilder-gallery__thumb\">\r\n                          <img decoding=\"async\" class=\"img-responsive\" src=\"http:\/\/djamsevents.com\/wp-content\/uploads\/2024\/02\/IMG_2221-scaled.jpeg\" alt=\"\">\r\n                      <\/div>\r\n                      <div class=\"sktbuilder-gallery__thumb\">\r\n                          <img decoding=\"async\" class=\"img-responsive\" src=\"http:\/\/djamsevents.com\/wp-content\/uploads\/2024\/02\/GOPR1359-scaled.jpg\" alt=\"\">\r\n                      <\/div>\r\n                      <div class=\"sktbuilder-gallery__thumb\">\r\n                          <img decoding=\"async\" class=\"img-responsive\" src=\"http:\/\/djamsevents.com\/wp-content\/uploads\/2024\/02\/Capture-decran-2022-01-14-a-13.56.27.png\" alt=\"\">\r\n                      <\/div>\r\n                      <div class=\"sktbuilder-gallery__thumb\">\r\n                          <img decoding=\"async\" class=\"img-responsive\" src=\"http:\/\/djamsevents.com\/wp-content\/uploads\/2023\/01\/IMG_7298-scaled.jpeg\" alt=\"\">\r\n                      <\/div>\r\n                      <div class=\"sktbuilder-gallery__thumb\">\r\n                          <img decoding=\"async\" class=\"img-responsive\" src=\"http:\/\/djamsevents.com\/wp-content\/uploads\/2023\/01\/IMG_7295-scaled.jpeg\" alt=\"\">\r\n                      <\/div>\r\n                      <div class=\"sktbuilder-gallery__thumb\">\r\n                          <img decoding=\"async\" class=\"img-responsive\" src=\"http:\/\/djamsevents.com\/wp-content\/uploads\/2023\/01\/IMG_7322-scaled.jpeg\" alt=\"\">\r\n                      <\/div>\r\n                      <div class=\"sktbuilder-gallery__thumb\">\r\n                          <img decoding=\"async\" class=\"img-responsive\" src=\"http:\/\/djamsevents.com\/wp-content\/uploads\/2023\/01\/IMG_7297-scaled.jpeg\" alt=\"\">\r\n                      <\/div>\r\n                      <div class=\"sktbuilder-gallery__thumb\">\r\n                          <img decoding=\"async\" class=\"img-responsive\" src=\"http:\/\/djamsevents.com\/wp-content\/uploads\/2023\/01\/Capture-decran-2022-01-14-a-13.56.46.png\" alt=\"\">\r\n                      <\/div>\r\n                      <div class=\"sktbuilder-gallery__thumb\">\r\n                          <img decoding=\"async\" class=\"img-responsive\" src=\"http:\/\/djamsevents.com\/wp-content\/uploads\/2023\/01\/IMG_5761-scaled.jpeg\" alt=\"\">\r\n                      <\/div>\r\n                      <div class=\"sktbuilder-gallery__thumb\">\r\n                          <img decoding=\"async\" class=\"img-responsive\" src=\"http:\/\/djamsevents.com\/wp-content\/uploads\/2024\/02\/40990DA4-E1D9-41E9-AF3C-0B0B2E694906.jpg\" alt=\"\">\r\n                      <\/div>\r\n                      <div class=\"sktbuilder-gallery__thumb\">\r\n                          <img decoding=\"async\" class=\"img-responsive\" src=\"http:\/\/djamsevents.com\/wp-content\/uploads\/2023\/01\/IMG_5795-scaled.jpeg\" alt=\"\">\r\n                      <\/div>\r\n                      <div class=\"sktbuilder-gallery__thumb\">\r\n                          <img decoding=\"async\" class=\"img-responsive\" src=\"http:\/\/djamsevents.com\/wp-content\/uploads\/2023\/01\/IMG_5746-scaled.jpeg\" alt=\"\">\r\n                      <\/div>\r\n                      <div class=\"sktbuilder-gallery__thumb\">\r\n                          <img decoding=\"async\" class=\"img-responsive\" src=\"http:\/\/djamsevents.com\/wp-content\/uploads\/2023\/01\/IMG_5771-scaled.jpeg\" alt=\"\">\r\n                      <\/div>\r\n                      <div class=\"sktbuilder-gallery__thumb\">\r\n                          <img decoding=\"async\" class=\"img-responsive\" src=\"http:\/\/djamsevents.com\/wp-content\/uploads\/2023\/01\/IMG_5739-scaled.jpeg\" alt=\"\">\r\n                      <\/div>\r\n                      <div class=\"sktbuilder-gallery__thumb\">\r\n                          <img decoding=\"async\" class=\"img-responsive\" src=\"http:\/\/djamsevents.com\/wp-content\/uploads\/2023\/01\/IMG_5719-scaled.jpeg\" alt=\"\">\r\n                      <\/div>\r\n                      <div class=\"sktbuilder-gallery__thumb\">\r\n                          <img decoding=\"async\" class=\"img-responsive\" src=\"http:\/\/djamsevents.com\/wp-content\/uploads\/2023\/01\/IMG_5726-scaled.jpeg\" alt=\"\">\r\n                      <\/div>\r\n                      <div class=\"sktbuilder-gallery__thumb\">\r\n                          <img decoding=\"async\" class=\"img-responsive\" src=\"http:\/\/djamsevents.com\/wp-content\/uploads\/2024\/02\/Capture-decran-2024-02-28-a-00.10.56.jpeg\" alt=\"\">\r\n                      <\/div>\r\n                      <div class=\"sktbuilder-gallery__thumb\">\r\n                          <img decoding=\"async\" class=\"img-responsive\" src=\"http:\/\/djamsevents.com\/wp-content\/uploads\/2024\/02\/Capture-decran-2024-02-28-a-00.14.15-scaled.jpeg\" alt=\"\">\r\n                      <\/div>\r\n                      <div class=\"sktbuilder-gallery__thumb\">\r\n                          <img decoding=\"async\" class=\"img-responsive\" src=\"http:\/\/djamsevents.com\/wp-content\/uploads\/2024\/02\/Capture-decran-2024-02-28-a-00.10.08.jpeg\" alt=\"\">\r\n                      <\/div>\r\n                      <div class=\"sktbuilder-gallery__thumb\">\r\n                          <img decoding=\"async\" class=\"img-responsive\" src=\"http:\/\/djamsevents.com\/wp-content\/uploads\/2024\/02\/IMG_0282-scaled.jpeg\" alt=\"\">\r\n                      <\/div>\r\n                      <div class=\"sktbuilder-gallery__thumb\">\r\n                          <img decoding=\"async\" class=\"img-responsive\" src=\"http:\/\/djamsevents.com\/wp-content\/uploads\/2023\/01\/IMG_4848-scaled.jpeg\" alt=\"\">\r\n                      <\/div>\r\n                      <div class=\"sktbuilder-gallery__thumb\">\r\n                          <img decoding=\"async\" class=\"img-responsive\" src=\"http:\/\/djamsevents.com\/wp-content\/uploads\/2023\/01\/IMG_4683-scaled.jpeg\" alt=\"\">\r\n                      <\/div>\r\n                      <div class=\"sktbuilder-gallery__thumb\">\r\n                          <img decoding=\"async\" class=\"img-responsive\" src=\"http:\/\/djamsevents.com\/wp-content\/uploads\/2023\/01\/IMG_4675-scaled.jpeg\" alt=\"\">\r\n                      <\/div>\r\n                      <div class=\"sktbuilder-gallery__thumb\">\r\n                          <img decoding=\"async\" class=\"img-responsive\" src=\"http:\/\/djamsevents.com\/wp-content\/uploads\/2023\/01\/IMG_4592-scaled.jpeg\" alt=\"\">\r\n                      <\/div>\r\n                      <div class=\"sktbuilder-gallery__thumb\">\r\n                          <img decoding=\"async\" class=\"img-responsive\" src=\"http:\/\/djamsevents.com\/wp-content\/uploads\/2023\/01\/IMG_4171-scaled.jpeg\" alt=\"\">\r\n                      <\/div>\r\n                      <div class=\"sktbuilder-gallery__thumb\">\r\n                          <img decoding=\"async\" class=\"img-responsive\" src=\"http:\/\/djamsevents.com\/wp-content\/uploads\/2023\/01\/IMG_3798-scaled.jpeg\" alt=\"\">\r\n                      <\/div>\r\n                      <div class=\"sktbuilder-gallery__thumb\">\r\n                          <img decoding=\"async\" class=\"img-responsive\" src=\"http:\/\/djamsevents.com\/wp-content\/uploads\/2023\/01\/IMG_3792-scaled.jpeg\" alt=\"\">\r\n                      <\/div>\r\n                      <div class=\"sktbuilder-gallery__thumb\">\r\n                          <img decoding=\"async\" class=\"img-responsive\" src=\"http:\/\/djamsevents.com\/wp-content\/uploads\/2023\/01\/IMG_3598-scaled.jpg\" alt=\"\">\r\n                      <\/div>\r\n                      <div class=\"sktbuilder-gallery__thumb\">\r\n                          <img decoding=\"async\" class=\"img-responsive\" src=\"http:\/\/djamsevents.com\/wp-content\/uploads\/2024\/02\/IMG_3984.jpg\" alt=\"\">\r\n                      <\/div>\r\n                      <div class=\"sktbuilder-gallery__thumb\">\r\n                          <img decoding=\"async\" class=\"img-responsive\" src=\"http:\/\/djamsevents.com\/wp-content\/uploads\/2023\/01\/FU0A1576-scaled.jpg\" alt=\"\">\r\n                      <\/div>\r\n                      <div class=\"sktbuilder-gallery__thumb\">\r\n                          <img decoding=\"async\" class=\"img-responsive\" src=\"http:\/\/djamsevents.com\/wp-content\/uploads\/2023\/01\/IMG_2832.jpeg\" alt=\"\">\r\n                      <\/div>\r\n                      <div class=\"sktbuilder-gallery__thumb\">\r\n                          <img decoding=\"async\" class=\"img-responsive\" src=\"http:\/\/djamsevents.com\/wp-content\/uploads\/2024\/02\/IMG_9867-scaled.jpeg\" alt=\"\">\r\n                      <\/div>\r\n                      <div class=\"sktbuilder-gallery__thumb\">\r\n                          <img decoding=\"async\" class=\"img-responsive\" src=\"http:\/\/djamsevents.com\/wp-content\/uploads\/2024\/02\/IMG_9902-scaled.jpeg\" alt=\"\">\r\n                      <\/div>\r\n                      <div class=\"sktbuilder-gallery__thumb\">\r\n                          <img decoding=\"async\" class=\"img-responsive\" src=\"http:\/\/djamsevents.com\/wp-content\/uploads\/2024\/02\/IMG_9922-scaled.jpeg\" alt=\"\">\r\n                      <\/div>\r\n                      <div class=\"sktbuilder-gallery__thumb\">\r\n                          <img decoding=\"async\" class=\"img-responsive\" src=\"http:\/\/djamsevents.com\/wp-content\/uploads\/2024\/02\/IMG_9643-scaled.jpg\" alt=\"\">\r\n                      <\/div>\r\n                      <div class=\"sktbuilder-gallery__thumb\">\r\n                          <img decoding=\"async\" class=\"img-responsive\" src=\"http:\/\/djamsevents.com\/wp-content\/uploads\/2024\/02\/IMG_0984-scaled.jpeg\" alt=\"\">\r\n                      <\/div>\r\n              <\/div>\r\n<\/div>\r\n<script>\r\njQuery(document).ready(function () {\r\n  \/\/ resize image on click\r\n  jQuery('.sktbuilder-gallery__item-32 .sktbuilder-gallery__thumb').click(function () {\r\n    if (jQuery(this).hasClass('sktbuilder-gallery__thumb_active')) {\r\n      jQuery(this).removeClass('sktbuilder-gallery__thumb_active');\r\n      return;\r\n    }\r\n    jQuery('.sktbuilder-gallery__item-32 .sktbuilder-gallery__thumb').removeClass('sktbuilder-gallery__thumb_active');\r\n    jQuery(this).addClass('sktbuilder-gallery__thumb_active');\r\n  });\r\n\r\n  \/\/ define left a right elements\r\n  var order = 0;\r\n  jQuery('.sktbuilder-gallery__item-32 .sktbuilder-gallery__thumb').each(function() {\r\n    if (++order < 3) {\r\n      jQuery(this).addClass('sktbuilder-gallery__thumb_left');\r\n    } else {\r\n      jQuery(this).addClass('sktbuilder-gallery__thumb_right');\r\n      if(order === 4) {\r\n        order = 0;\r\n      }\r\n    }     \r\n  });\r\n});\r\n<\/script>    <!-- sktbuilder starter --><script type=\"text\/javascript\" src=\"https:\/\/djamsevents.com\/wp-content\/plugins\/skt-builder\/sktbuilder\/sktbuilder-frontend-starter.js\"><\/script><script type=\"text\/javascript\" src=\"https:\/\/djamsevents.com\/wp-content\/plugins\/skt-builder\/sktbuilder-wordpress-driver.js\"><\/script><script type=\"text\/javascript\"> var starter = new SktbuilderStarter({\"mode\": \"prod\", \"skip\":[\"jquery\",\"underscore\",\"backbone\"],\"sktbuilderUrl\": \"https:\/\/djamsevents.com\/wp-content\/plugins\/skt-builder\/sktbuilder\/\", \"driver\": new SktbuilderWordpressDriver({\"ajaxUrl\": \"https:\/\/djamsevents.com\/wp-admin\/admin-ajax.php\", \"iframeUrl\": \"https:\/\/djamsevents.com\/index.php\/galerie\/?sktbuilder=true\", \"pageId\": 24, \"pages\": [{\"title\":\"Home\",\"url\":\"https:\\\/\\\/djamsevents.com\\\/wp-admin\\\/post.php?post=701&action=sktbuilder\"},{\"title\":\"PR\\u00c9SENTATION\",\"url\":\"https:\\\/\\\/djamsevents.com\\\/wp-admin\\\/post.php?post=19&action=sktbuilder\"},{\"title\":\"PRESTATIONS\",\"url\":\"https:\\\/\\\/djamsevents.com\\\/wp-admin\\\/post.php?post=22&action=sktbuilder\"},{\"title\":\"NOUS CONTACTER\",\"url\":\"https:\\\/\\\/djamsevents.com\\\/wp-admin\\\/post.php?post=32&action=sktbuilder\"}], \"page\": \"GALERIE\" }) });<\/script><!-- end sktbuilder starter -->","protected":false},"excerpt":{"rendered":"<p>\u00ab\u00a0Djams Events vous accompagne en France et \u00e0 l&rsquo;\u00e9tranger pour tous vos \u00e9v\u00e9nements. Que ce soit pour un mariage, un anniversaire, une soir\u00e9e d&rsquo;entreprise ou tout autre type d&rsquo;\u00e9v\u00e9nement, notre \u00e9quipe exp\u00e9riment\u00e9e est l\u00e0 pour r\u00e9pondre \u00e0 vos besoins. De Paris \u00e0 New York, de Londres \u00e0 Duba\u00ef, nous vous offrons des services de qualit\u00e9<br \/><a class=\"moretag\" href=\"https:\/\/djamsevents.com\/index.php\/galerie\/\">+ Read More<\/a><\/p>\n","protected":false},"author":1,"featured_media":0,"parent":0,"menu_order":0,"comment_status":"closed","ping_status":"closed","template":"templates\/page-fullwidth_template.php","meta":{"footnotes":""},"class_list":["post-24","page","type-page","status-publish","hentry"],"_links":{"self":[{"href":"https:\/\/djamsevents.com\/index.php\/wp-json\/wp\/v2\/pages\/24","targetHints":{"allow":["GET"]}}],"collection":[{"href":"https:\/\/djamsevents.com\/index.php\/wp-json\/wp\/v2\/pages"}],"about":[{"href":"https:\/\/djamsevents.com\/index.php\/wp-json\/wp\/v2\/types\/page"}],"author":[{"embeddable":true,"href":"https:\/\/djamsevents.com\/index.php\/wp-json\/wp\/v2\/users\/1"}],"replies":[{"embeddable":true,"href":"https:\/\/djamsevents.com\/index.php\/wp-json\/wp\/v2\/comments?post=24"}],"version-history":[{"count":10,"href":"https:\/\/djamsevents.com\/index.php\/wp-json\/wp\/v2\/pages\/24\/revisions"}],"predecessor-version":[{"id":3804,"href":"https:\/\/djamsevents.com\/index.php\/wp-json\/wp\/v2\/pages\/24\/revisions\/3804"}],"wp:attachment":[{"href":"https:\/\/djamsevents.com\/index.php\/wp-json\/wp\/v2\/media?parent=24"}],"curies":[{"name":"wp","href":"https:\/\/api.w.org\/{rel}","templated":true}]}}