{"id":22,"date":"2023-01-12T09:34:12","date_gmt":"2023-01-12T08:34:12","guid":{"rendered":"http:\/\/djamsevents.com\/?page_id=22"},"modified":"2024-04-26T17:51:20","modified_gmt":"2024-04-26T15:51:20","slug":"prestations","status":"publish","type":"page","link":"https:\/\/djamsevents.com\/index.php\/prestations\/","title":{"rendered":"PRESTATIONS"},"content":{"rendered":"<div class=\"skt-builder-block-wrapper skt-builder-home-section1-block skt-builder-home-section1-block-1007\" style=\"background-color: #f5f5f5; background-image: url(); padding-bottom: 0px; padding-top: 0px; \">\r\n  <div class=\"skt-builder-block-inner skt-builder-block-inner-1007\" style=\"visibility: hidden;\">\r\n    <div class=\"skt-builder-container\"> \r\n    \t<style>\r\n\t\t\t.skt-builder-home-section1-block-1007 .skt-builder-block-title span {color: #323131 !important;}\r\n        <\/style>\r\n      <div class=\"skt-builder-columns-row skt-builder-columns-row-4column\">      \t\r\n                <a href=\"#\" >\r\n                <style>\r\n\t\t\t\t\t.skt-builder-service-column-1009.servicebox h3{color: #323131 !important;}\r\n\t\t\t\t\t.skt-builder-service-column-1009.servicebox:hover h3{color: #da3884 !important;}\r\n\t\t\t\t<\/style>\r\n                    <div class=\"skt-builder-column skt-builder-service-column skt-builder-service-column-1009 servicebox boxpattern-1 skt-builder-column skt-builder-service-column skt-builder-service-column-1009\">\r\n                      <div class=\"serviceboxbg\">\r\n                        <div class=\"services-thumb\" style=\"background-color:rgba(218,56,132, 1);\">\r\n                        \t<img decoding=\"async\" class=\"skt-builder-service-column-image\" src=\"https:\/\/djamsevents.com\/wp-content\/uploads\/2024\/04\/WhatsApp-Image-2024-04-01-at-15.26.04-e1712055600679.jpeg\">\r\n                        <\/div>\r\n                        <div class=\"servicebox-content\">\r\n                            <h3><\/h3>\r\n                        <\/div>\r\n                      <\/div>\r\n                    <\/div>\r\n                <\/a>\r\n                <a href=\"#\" >\r\n                <style>\r\n\t\t\t\t\t.skt-builder-service-column-1013.servicebox h3{color: #323131 !important;}\r\n\t\t\t\t\t.skt-builder-service-column-1013.servicebox:hover h3{color: #da3884 !important;}\r\n\t\t\t\t<\/style>\r\n                    <div class=\"skt-builder-column skt-builder-service-column skt-builder-service-column-1013 servicebox boxpattern-1 skt-builder-column skt-builder-service-column skt-builder-service-column-1013\">\r\n                      <div class=\"serviceboxbg\">\r\n                        <div class=\"services-thumb\" style=\"background-color:rgba(218,56,132, 1);\">\r\n                        \t<img decoding=\"async\" class=\"skt-builder-service-column-image\" src=\"https:\/\/djamsevents.com\/wp-content\/uploads\/2024\/04\/organisation-evenement-e1712058651640.jpg\">\r\n                        <\/div>\r\n                        <div class=\"servicebox-content\">\r\n                            <h3><\/h3>\r\n                        <\/div>\r\n                      <\/div>\r\n                    <\/div>\r\n                <\/a>\r\n                <a href=\"#\" >\r\n                <style>\r\n\t\t\t\t\t.skt-builder-service-column-1016.servicebox h3{color: #323131 !important;}\r\n\t\t\t\t\t.skt-builder-service-column-1016.servicebox:hover h3{color: #da3884 !important;}\r\n\t\t\t\t<\/style>\r\n                    <div class=\"skt-builder-column skt-builder-service-column skt-builder-service-column-1016 servicebox boxpattern-1 skt-builder-column skt-builder-service-column skt-builder-service-column-1016\">\r\n                      <div class=\"serviceboxbg\">\r\n                        <div class=\"services-thumb\" style=\"background-color:rgba(218,56,132, 1);\">\r\n                        \t<img decoding=\"async\" class=\"skt-builder-service-column-image\" src=\"https:\/\/djamsevents.com\/wp-content\/uploads\/2024\/04\/Capture-decran-2022-01-14-a-13.56.27-2-e1712059012706.png\">\r\n                        <\/div>\r\n                        <div class=\"servicebox-content\">\r\n                            <h3><\/h3>\r\n                        <\/div>\r\n                      <\/div>\r\n                    <\/div>\r\n                <\/a>\r\n                <a href=\"#\" >\r\n                <style>\r\n\t\t\t\t\t.skt-builder-service-column-2962.servicebox h3{color: #323131 !important;}\r\n\t\t\t\t\t.skt-builder-service-column-2962.servicebox:hover h3{color: #da3884 !important;}\r\n\t\t\t\t<\/style>\r\n                    <div class=\"skt-builder-column skt-builder-service-column skt-builder-service-column-2962 servicebox boxpattern-1 skt-builder-column skt-builder-service-column skt-builder-service-column-2962\">\r\n                      <div class=\"serviceboxbg\">\r\n                        <div class=\"services-thumb\" style=\"background-color:rgba(218,56,132, 1);\">\r\n                        \t<img decoding=\"async\" class=\"skt-builder-service-column-image\" src=\"https:\/\/djamsevents.com\/wp-content\/themes\/event-planners\/blocks\/home_section1\/assets\/img\/service-img1.jpg\">\r\n                        <\/div>\r\n                        <div class=\"servicebox-content\">\r\n                            <h3><\/h3>\r\n                        <\/div>\r\n                      <\/div>\r\n                    <\/div>\r\n                <\/a>\r\n         <\/div>\r\n    <\/div>\r\n  <\/div>\r\n<\/div>\r\n<script>\r\njQuery(document).ready(function() {\r\n    jQuery('p').each(function() {\r\n        var $this = jQuery(this);\r\n        if($this.html().replace(\/s|&nbsp;\/g, '').length == 0) {\r\n            $this.remove();\r\n        }\r\n    });\r\n});\r\n\r\njQuery(document).ready(function() {\r\n    jQuery('p').each(function() {\r\n        var $this = jQuery(this);\r\n        if($this.html().replace(\/s|<br>\/g, '').length == 0) {\r\n            $this.remove();\r\n        }\r\n    });\r\n});\r\n<\/script> \r\n<script>\r\njQuery.noConflict();\r\njQuery(document).ready(function(){\r\njQuery(window).scroll(function(){\r\n    \/\/ This is then function used to detect if the element is scrolled into view\r\n    function elementScrolled(elem)\r\n    {\r\n        var docViewTop = jQuery(window).scrollTop();\r\n        var docViewBottom = docViewTop + jQuery(window).height();\r\n        var elemTop = jQuery(elem).offset().top;\r\n        return ((elemTop <= docViewBottom) && (elemTop >= docViewTop));\r\n    }\r\n\r\n\tif (jQuery('.skt-builder-block-inner-1007').length > 0) {\r\n\tif(elementScrolled('.skt-builder-block-inner-1007')) {\r\n        var els = jQuery('.skt-builder-block-inner-1007'),\r\n            i = 0,\r\n            f = function () {\r\n                jQuery(els[i++]).addClass('fadeInUp');\r\n                if(i < els.length) setTimeout(f, 400);\r\n            };\r\n        f();\r\n    }}\r\n\r\n});\r\n});\r\n<\/script> \r\n<div id=\"skt-builder-home-pricing-table-block-32\" class=\"skt-builder-block-wrapper skt-builder-pricing-table-block skt-builder-home-pricing-table-block-32\" style=\"background-color: #ffffff; background-image: url(); padding-bottom: 80px; padding-top: 80px; background-attachment: fixed;\">\r\n\t<div class=\"skt-builder-block-inner skt-builder-block-inner-32\" style=\"\">\r\n\t\t<div class=\"skt-builder-container\">\r\n\t\t\t\t<div class=\"skt-builder-block-title\">\r\n\t\t\t\t\t<h2 style=\"color: #282828; text-align: center;\">OFFRES ET TARIFS<\/h2>\r\n\t\t\t\t<\/div>\r\n                <div class=\"skt-builder-block-description\"><p class=\"ql-align-center\"><strong>Prestation DJ All-Inclusive<\/strong> <\/p><p class=\"ql-align-center\">Une solution compl\u00e8te incluant tous les aspects de divertissement musical pour votre \u00e9v\u00e9nement.<\/p><p class=\"ql-align-center\">Performance DJ, syst\u00e8me de sonorisation, \u00e9clairage et autres \u00e9quipements inclus.<\/p><p class=\"ql-align-center\">Services de consultation pour la planification et la coordination de l'\u00e9v\u00e9nement.<\/p><p class=\"ql-align-center\">Personnalisation totale pour r\u00e9pondre \u00e0 vos besoins sp\u00e9cifiques et assurer le succ\u00e8s de votre \u00e9v\u00e9nement.<\/p><p class=\"ql-align-center\">N'h\u00e9sitez pas \u00e0 nous contacter pour discuter de vos besoins sp\u00e9cifiques et pour obtenir plus d'informations sur nos offres de prestation DJ \u00e9v\u00e9nementiel.<\/p><\/div>\r\n\t\t\t<div class=\"skt-builder-columns-row skt-builder-columns-row-4column\">\r\n                        <div class=\"skt-builder-column skt-builder-pricing-table skt-builder-pricing-table-34\">\r\n                            <style>\r\n                                .skt-builder-pricing-table-34 .skt-builder-block-column-button{background-color: #9437fd; color: #ffffff;}\r\n                                .skt-builder-pricing-table-34 .skt-builder-block-column-button:hover{background-color: #886af8; color: #282828;}\r\n                            <\/style>\r\n                            <div class=\"skt-builder-pricing-table-inner\" style=\"background-color: #886af8;\">\r\n                                <div class=\"skt-builder-pricing-table-content\">\r\n                                    <h3 class=\"skt-builder-pricing-table-title\" style=\"color: #ffffff;\">MARIAGE            <\/h3>\r\n                                    \r\n                                    <h4 class=\"skt-builder-pricing-table-price\" style=\"color: #ffffff;\"><sup>\u20ac<\/sup>899<sub style=\"color: #ffffff;\">\/\u00e0 partir*<\/sub><\/h4>\r\n                                    <div class=\"skt-builder-pricing-table-features\" style=\"color: #ffffff;\"><p>3 Packs Disponibles<\/p><p><br><\/p><p>Rubis<\/p><p>Saphir<\/p><p>Diamant<\/p><p><br><\/p><p>Demander un devis<\/p><p>------<\/p><\/div>\r\n                                    <a class=\"skt-builder-block-column-button\" href=\"https:\/\/djamsevents.com\/index.php\/mariage\/\" target=\"_blank\" rel=\"noopener\">VOIR LES OFFRES <\/a>\r\n                                <\/div>\r\n                            <\/div>\r\n                        <\/div>\r\n                        <div class=\"skt-builder-column skt-builder-pricing-table skt-builder-pricing-table-38\">\r\n                            <style>\r\n                                .skt-builder-pricing-table-38 .skt-builder-block-column-button{background-color: #ffffff; color: #9437fd;}\r\n                                .skt-builder-pricing-table-38 .skt-builder-block-column-button:hover{background-color: #282828; color: #ffffff;}\r\n                            <\/style>\r\n                            <div class=\"skt-builder-pricing-table-inner\" style=\"background-color: #886af8;\">\r\n                                <div class=\"skt-builder-pricing-table-content\">\r\n                                    <h3 class=\"skt-builder-pricing-table-title\" style=\"color: #ffffff;\">ENTREPRISE<\/h3>\r\n                                    \r\n                                    <h4 class=\"skt-builder-pricing-table-price\" style=\"color: #ffffff;\"><sup>\u20ac<\/sup>599<sub style=\"color: #ffffff;\">\/\u00e0 partir*<\/sub><\/h4>\r\n                                    <div class=\"skt-builder-pricing-table-features\" style=\"color: #ffffff;\"><p><br><\/p><p><br><\/p><p><br><\/p><p><br><\/p><p><br><\/p><p><br><\/p><p>Demander un devis<\/p><p>------<\/p><\/div>\r\n                                    <a class=\"skt-builder-block-column-button\" href=\"https:\/\/djamsevents.com\/index.php\/entreprise\/\" target=\"_blank\" rel=\"noopener\">VOIR LES OFFRES <\/a>\r\n                                <\/div>\r\n                            <\/div>\r\n                        <\/div>\r\n                        <div class=\"skt-builder-column skt-builder-pricing-table skt-builder-pricing-table-142\">\r\n                            <style>\r\n                                .skt-builder-pricing-table-142 .skt-builder-block-column-button{background-color: #9437fd; color: #ffffff;}\r\n                                .skt-builder-pricing-table-142 .skt-builder-block-column-button:hover{background-color: #ffffff; color: #282828;}\r\n                            <\/style>\r\n                            <div class=\"skt-builder-pricing-table-inner\" style=\"background-color: #886af8;\">\r\n                                <div class=\"skt-builder-pricing-table-content\">\r\n                                    <h3 class=\"skt-builder-pricing-table-title\" style=\"color: #ffffff;\">SOIREE<\/h3>\r\n                                    \r\n                                    <h4 class=\"skt-builder-pricing-table-price\" style=\"color: #ffffff;\"><sup>\u20ac<\/sup>399<sub style=\"color: #ffffff;\">\/\u00e0 partir*<\/sub><\/h4>\r\n                                    <div class=\"skt-builder-pricing-table-features\" style=\"color: #ffffff;\"><p><br><\/p><p><br><\/p><p><br><\/p><p><br><\/p><p><br><\/p><p><br><\/p><p>Demander un devis<\/p><p>------<\/p><\/div>\r\n                                    <a class=\"skt-builder-block-column-button\" href=\"https:\/\/djamsevents.com\/index.php\/soiree-privee\/\" target=\"_blank\" rel=\"noopener\">VOIR LES OFFRES <\/a>\r\n                                <\/div>\r\n                            <\/div>\r\n                        <\/div>\r\n                        <div class=\"skt-builder-column skt-builder-pricing-table skt-builder-pricing-table-41\">\r\n                            <style>\r\n                                .skt-builder-pricing-table-41 .skt-builder-block-column-button{background-color: #9437fd; color: #ffffff;}\r\n                                .skt-builder-pricing-table-41 .skt-builder-block-column-button:hover{background-color: #ffffff; color: #282828;}\r\n                            <\/style>\r\n                            <div class=\"skt-builder-pricing-table-inner\" style=\"background-color: #886af8;\">\r\n                                <div class=\"skt-builder-pricing-table-content\">\r\n                                    <h3 class=\"skt-builder-pricing-table-title\" style=\"color: #ffffff;\">ANNIV<\/h3>\r\n                                    \r\n                                    <h4 class=\"skt-builder-pricing-table-price\" style=\"color: #ffffff;\"><sup>\u20ac<\/sup>299<sub style=\"color: #ffffff;\">\/\u00e0 partir*<\/sub><\/h4>\r\n                                    <div class=\"skt-builder-pricing-table-features\" style=\"color: #ffffff;\"><p><br><\/p><p><br><\/p><p><br><\/p><p><br><\/p><p><br><\/p><p><br><\/p><p>Demander un devis<\/p><p>------<\/p><\/div>\r\n                                    <a class=\"skt-builder-block-column-button\" href=\"https:\/\/djamsevents.com\/index.php\/anniversaire-2\/\" target=\"_blank\" rel=\"noopener\">VOIR LES OFFRES <\/a>\r\n                                <\/div>\r\n                            <\/div>\r\n                        <\/div>\r\n\t\t\t<\/div>\r\n\t\t<\/div>\r\n\t<\/div>\r\n<\/div>    <!-- sktbuilder starter --><script type=\"text\/javascript\" src=\"https:\/\/djamsevents.com\/wp-content\/plugins\/skt-builder\/sktbuilder\/sktbuilder-frontend-starter.js\"><\/script><script type=\"text\/javascript\" src=\"https:\/\/djamsevents.com\/wp-content\/plugins\/skt-builder\/sktbuilder-wordpress-driver.js\"><\/script><script type=\"text\/javascript\"> var starter = new SktbuilderStarter({\"mode\": \"prod\", \"skip\":[\"jquery\",\"underscore\",\"backbone\"],\"sktbuilderUrl\": \"https:\/\/djamsevents.com\/wp-content\/plugins\/skt-builder\/sktbuilder\/\", \"driver\": new SktbuilderWordpressDriver({\"ajaxUrl\": \"https:\/\/djamsevents.com\/wp-admin\/admin-ajax.php\", \"iframeUrl\": \"https:\/\/djamsevents.com\/index.php\/prestations\/?sktbuilder=true\", \"pageId\": 22, \"pages\": [{\"title\":\"Home\",\"url\":\"https:\\\/\\\/djamsevents.com\\\/wp-admin\\\/post.php?post=701&action=sktbuilder\"},{\"title\":\"PR\\u00c9SENTATION\",\"url\":\"https:\\\/\\\/djamsevents.com\\\/wp-admin\\\/post.php?post=19&action=sktbuilder\"},{\"title\":\"GALERIE\",\"url\":\"https:\\\/\\\/djamsevents.com\\\/wp-admin\\\/post.php?post=24&action=sktbuilder\"},{\"title\":\"NOUS CONTACTER\",\"url\":\"https:\\\/\\\/djamsevents.com\\\/wp-admin\\\/post.php?post=32&action=sktbuilder\"}], \"page\": \"PRESTATIONS\" }) });<\/script><!-- end sktbuilder starter -->","protected":false},"excerpt":{"rendered":"<p>OFFRES ET TARIFS Prestation DJ All-Inclusive Une solution compl\u00e8te incluant tous les aspects de divertissement musical pour votre \u00e9v\u00e9nement.Performance DJ, syst\u00e8me de sonorisation, \u00e9clairage et autres \u00e9quipements inclus.Services de consultation pour la planification et la coordination de l&rsquo;\u00e9v\u00e9nement.Personnalisation totale pour r\u00e9pondre \u00e0 vos besoins sp\u00e9cifiques et assurer le succ\u00e8s de votre \u00e9v\u00e9nement.N&rsquo;h\u00e9sitez pas \u00e0 nous<br \/><a class=\"moretag\" href=\"https:\/\/djamsevents.com\/index.php\/prestations\/\">+ Read More<\/a><\/p>\n","protected":false},"author":1,"featured_media":0,"parent":0,"menu_order":0,"comment_status":"closed","ping_status":"closed","template":"templates\/page-fullwidth_template.php","meta":{"footnotes":""},"class_list":["post-22","page","type-page","status-publish","hentry"],"_links":{"self":[{"href":"https:\/\/djamsevents.com\/index.php\/wp-json\/wp\/v2\/pages\/22","targetHints":{"allow":["GET"]}}],"collection":[{"href":"https:\/\/djamsevents.com\/index.php\/wp-json\/wp\/v2\/pages"}],"about":[{"href":"https:\/\/djamsevents.com\/index.php\/wp-json\/wp\/v2\/types\/page"}],"author":[{"embeddable":true,"href":"https:\/\/djamsevents.com\/index.php\/wp-json\/wp\/v2\/users\/1"}],"replies":[{"embeddable":true,"href":"https:\/\/djamsevents.com\/index.php\/wp-json\/wp\/v2\/comments?post=22"}],"version-history":[{"count":38,"href":"https:\/\/djamsevents.com\/index.php\/wp-json\/wp\/v2\/pages\/22\/revisions"}],"predecessor-version":[{"id":3986,"href":"https:\/\/djamsevents.com\/index.php\/wp-json\/wp\/v2\/pages\/22\/revisions\/3986"}],"wp:attachment":[{"href":"https:\/\/djamsevents.com\/index.php\/wp-json\/wp\/v2\/media?parent=22"}],"curies":[{"name":"wp","href":"https:\/\/api.w.org\/{rel}","templated":true}]}}